{"id":3317,"date":"2019-01-20T11:29:08","date_gmt":"2019-01-20T08:29:08","guid":{"rendered":"https:\/\/atabay.com\/bolge-ofisleri\/"},"modified":"2025-09-02T11:46:46","modified_gmt":"2025-09-02T08:46:46","slug":"regional-offices","status":"publish","type":"page","link":"https:\/\/www.atabay.com\/en\/regional-offices\/","title":{"rendered":"Regional Offices"},"content":{"rendered":"<p>[et_pb_section fb_built=&#8221;1&#8243; admin_label=&#8221;section&#8221; _builder_version=&#8221;4.16&#8243; global_colors_info=&#8221;{}&#8221; theme_builder_area=&#8221;post_content&#8221;][et_pb_row _builder_version=&#8221;4.27.4&#8243; _module_preset=&#8221;default&#8221; theme_builder_area=&#8221;post_content&#8221; column_structure=&#8221;1_2,1_2&#8243;][et_pb_column _builder_version=&#8221;4.27.4&#8243; _module_preset=&#8221;default&#8221; type=&#8221;1_2&#8243; theme_builder_area=&#8221;post_content&#8221;][et_pb_text _builder_version=&#8221;4.27.4&#8243; _module_preset=&#8221;default&#8221; theme_builder_area=&#8221;post_content&#8221; hover_enabled=&#8221;0&#8243; sticky_enabled=&#8221;0&#8243;]<\/p>\n<h3>Ankara B\u00f6lge Ofisi<\/h3>\n<div class=\"wpb_text_column wpb_content_element \">\n<div class=\"wpb_wrapper\">\n<p>Karanfil sokak Nurettinbey i\u015fhan\u0131 no:1\/802 K\u0131z\u0131lay\/\u00c7ankaya\/ANKARA<\/p>\n<p>0(312) 434 30 70<br \/>0(312) 434 30 80<br \/>0(312) 435 45 44<\/p>\n<\/div>\n<\/div>\n<p>[\/et_pb_text][et_pb_text _builder_version=&#8221;4.27.4&#8243; _module_preset=&#8221;default&#8221; theme_builder_area=&#8221;post_content&#8221; hover_enabled=&#8221;0&#8243; sticky_enabled=&#8221;0&#8243;]<\/p>\n<h3>Karadeniz B\u00f6lge Ofisi<\/h3>\n<p>Bah\u00e7elievler Mah.\u0130smetpa\u015fa Cad.Kurul Apt.385\/10 \u0130lkad\u0131m\/SAMSUN<\/p>\n<p>0(362) 230 70 98<\/p>\n<div class=\"wpb_text_column wpb_content_element \">\n<div class=\"wpb_wrapper\"><\/div>\n<\/div>\n<p>[\/et_pb_text][et_pb_text _builder_version=&#8221;4.27.4&#8243; _module_preset=&#8221;default&#8221; theme_builder_area=&#8221;post_content&#8221; hover_enabled=&#8221;0&#8243; sticky_enabled=&#8221;0&#8243;]<\/p>\n<h2>Gaziantep B\u00f6lge Ofisi<\/h2>\n<div class=\"wpb_text_column wpb_content_element \">\n<div class=\"wpb_wrapper\">\n<p>Fatih Mah. Fevzi \u00c7akmak Blv. Keser Apt. No: 151 \u015eehitkamil\/GAZ\u0130ANTEP<\/p>\n<\/div>\n<\/div>\n<div class=\"wpb_text_column wpb_content_element \">\n<div class=\"wpb_wrapper\"><\/div>\n<\/div>\n<p>[\/et_pb_text][et_pb_text _builder_version=&#8221;4.27.4&#8243; _module_preset=&#8221;default&#8221; theme_builder_area=&#8221;post_content&#8221; hover_enabled=&#8221;0&#8243; sticky_enabled=&#8221;0&#8243;]<\/p>\n<h3>Konya B\u00f6lge Ofisi<\/h3>\n<p>H\u00fcsamettin \u00c7elebi Mah. Se\u00e7kinsaray Sok.73\/A Sel\u00e7uklu\/KONYA<\/p>\n<p>0(332) 246 77 51<\/p>\n<div class=\"wpb_text_column wpb_content_element \">\n<div class=\"wpb_wrapper\"><\/div>\n<\/div>\n<p>[\/et_pb_text][\/et_pb_column][et_pb_column _builder_version=&#8221;4.27.4&#8243; _module_preset=&#8221;default&#8221; type=&#8221;1_2&#8243; theme_builder_area=&#8221;post_content&#8221;][et_pb_text _builder_version=&#8221;4.27.4&#8243; _module_preset=&#8221;default&#8221; theme_builder_area=&#8221;post_content&#8221; hover_enabled=&#8221;0&#8243; sticky_enabled=&#8221;0&#8243;]<\/p>\n<h3>Do\u011fu Anadolu B\u00f6lge Ofisi<\/h3>\n<p>Haf\u0131zaya Mah. Kaz\u0131m Bey 1 Sokak Bina:12 Kat:1 No: 5 Cvs Apartman\u0131 VAN<\/p>\n<div class=\"wpb_text_column wpb_content_element \">\n<div class=\"wpb_wrapper\"><\/div>\n<\/div>\n<p>[\/et_pb_text][et_pb_text _builder_version=&#8221;4.27.4&#8243; _module_preset=&#8221;default&#8221; theme_builder_area=&#8221;post_content&#8221; hover_enabled=&#8221;0&#8243; sticky_enabled=&#8221;0&#8243;]<\/p>\n<h3>Adana B\u00f6lge Ofisi<\/h3>\n<p>Huzurevleri mah.77211 sk. No :5 Kat. 7 D:19 \u00c7ukurova\/ADANA<\/p>\n<p>0(322) 234 41 44<\/p>\n<div class=\"wpb_text_column wpb_content_element \">\n<div class=\"wpb_wrapper\"><\/div>\n<\/div>\n<p>[\/et_pb_text][et_pb_text _builder_version=&#8221;4.27.4&#8243; _module_preset=&#8221;default&#8221; theme_builder_area=&#8221;post_content&#8221; hover_enabled=&#8221;0&#8243; sticky_enabled=&#8221;0&#8243;]<\/p>\n<h3>Ege B\u00f6lge Ofisi<\/h3>\n<p>1583\/1 Sok. Rod kar \u0130\u015f Merkezi A blok 6\/220 Bayrakl\u0131\/\u0130ZM\u0130R<\/p>\n<p>0(232) 486 77 45<\/p>\n<div class=\"wpb_text_column wpb_content_element \">\n<div class=\"wpb_wrapper\"><\/div>\n<\/div>\n<p>[\/et_pb_text][et_pb_text _builder_version=&#8221;4.27.4&#8243; _module_preset=&#8221;default&#8221; theme_builder_area=&#8221;post_content&#8221; hover_enabled=&#8221;0&#8243; sticky_enabled=&#8221;0&#8243;]<\/p>\n<h3>Marmara B\u00f6lge Ofisi<\/h3>\n<p>Alt\u0131nova Mah. Buttim Sitesi C Blok No: 3 D 5128 Osmangazi\/ BURSA<\/p>\n<div class=\"wpb_text_column wpb_content_element \">\n<div class=\"wpb_wrapper\"><\/div>\n<\/div>\n<p>[\/et_pb_text][\/et_pb_column][\/et_pb_row][\/et_pb_section]<\/p>\n","protected":false},"excerpt":{"rendered":"<p>Ankara B\u00f6lge Ofisi Karanfil sokak Nurettinbey i\u015fhan\u0131 no:1\/802 K\u0131z\u0131lay\/\u00c7ankaya\/ANKARA 0(312) 434 30 700(312) 434 30 800(312) 435 45 44 Karadeniz B\u00f6lge Ofisi Bah\u00e7elievler Mah.\u0130smetpa\u015fa Cad.Kurul Apt.385\/10 \u0130lkad\u0131m\/SAMSUN 0(362) 230 70 98 Gaziantep B\u00f6lge Ofisi Fatih Mah. Fevzi \u00c7akmak Blv. Keser Apt. No: 151 \u015eehitkamil\/GAZ\u0130ANTEP Konya B\u00f6lge Ofisi H\u00fcsamettin \u00c7elebi Mah. Se\u00e7kinsaray Sok.73\/A Sel\u00e7uklu\/KONYA 0(332) 246 [&hellip;]<\/p>\n","protected":false},"author":4,"featured_media":15858,"parent":0,"menu_order":0,"comment_status":"closed","ping_status":"closed","template":"","meta":{"_acf_changed":false,"_et_pb_use_builder":"on","_et_pb_old_content":"[vc_row type=\"vc_default\"][vc_column offset=\"vc_col-lg-6 vc_col-md-6 vc_col-xs-12\" css=\".vc_custom_1476005293248{padding-bottom: 50px !important;}\"][vc_column_text]\r\n<h3>Ankara B\u00f6lge Ofisi<\/h3>\r\nKaranfil sokak Nurettinbey i\u015fhan\u0131 no:1\/802 K\u0131z\u0131lay\/\u00c7ankaya\/ANKARA\r\n\r\n0(312) 434 30 70\r\n0(312) 434 30 80\r\n0(312) 435 45 44[\/vc_column_text][vc_empty_space height=\"30px\"][vc_column_text]\r\n<h3>Karadeniz B\u00f6lge Ofisi<\/h3>\r\nBah\u00e7elievler Mah.\u0130smetpa\u015fa Cad.Kurul Apt.385\/10 \u0130lkad\u0131m\/SAMSUN\r\n\r\n0(362) 230 70 98[\/vc_column_text][vc_empty_space height=\"30px\"][vc_column_text]\r\n<h3>Gaziantep B\u00f6lge Ofisi<\/h3>\r\nFatih Mah. Fevzi \u00c7akmak Blv. Keser Apt. No: 151 \u015eehitkamil\/GAZ\u0130ANTEP[\/vc_column_text][vc_empty_space height=\"30px\"][vc_column_text]\r\n<h3>Konya B\u00f6lge Ofisi<\/h3>\r\nH\u00fcsamettin \u00c7elebi Mah. Se\u00e7kinsaray Sok.73\/A Sel\u00e7uklu\/KONYA\r\n\r\n0(332) 246 77 51[\/vc_column_text][vc_empty_space height=\"30px\"][\/vc_column][vc_column offset=\"vc_col-lg-6 vc_col-md-6 vc_col-xs-12\" css=\".vc_custom_1476005300152{padding-bottom: 50px !important;}\"][vc_column_text]\r\n<h3>Do\u011fu Anadolu B\u00f6lge Ofisi<\/h3>\r\nHaf\u0131zaya Mah. Kaz\u0131m Bey 1 Sokak Bina:12 Kat:1 No: 5 Cvs Apartman\u0131 VAN[\/vc_column_text][vc_empty_space height=\"30px\"][vc_column_text]\r\n<h3>Adana B\u00f6lge Ofisi<\/h3>\r\nHuzurevleri mah.77211 sk. No :5 Kat. 7 D:19 \u00c7ukurova\/ADANA\r\n\r\n0(322) 234 41 44[\/vc_column_text][vc_empty_space height=\"30px\"][vc_column_text]\r\n<h3>Ege B\u00f6lge Ofisi<\/h3>\r\n1583\/1 Sok. Rod kar \u0130\u015f Merkezi A blok 6\/220 Bayrakl\u0131\/\u0130ZM\u0130R\r\n\r\n0(232) 486 77 45[\/vc_column_text][vc_empty_space height=\"30px\"][vc_column_text]\r\n<h3>Marmara B\u00f6lge Ofisi<\/h3>\r\nAlt\u0131nova Mah. Buttim Sitesi C Blok No: 3 D 5128 Osmangazi\/ BURSA[\/vc_column_text][vc_empty_space height=\"30px\"][\/vc_column][\/vc_row]","_et_gb_content_width":"","footnotes":""},"class_list":["post-3317","page","type-page","status-publish","has-post-thumbnail","hentry"],"acf":[],"_links":{"self":[{"href":"https:\/\/www.atabay.com\/en\/wp-json\/wp\/v2\/pages\/3317","targetHints":{"allow":["GET"]}}],"collection":[{"href":"https:\/\/www.atabay.com\/en\/wp-json\/wp\/v2\/pages"}],"about":[{"href":"https:\/\/www.atabay.com\/en\/wp-json\/wp\/v2\/types\/page"}],"author":[{"embeddable":true,"href":"https:\/\/www.atabay.com\/en\/wp-json\/wp\/v2\/users\/4"}],"replies":[{"embeddable":true,"href":"https:\/\/www.atabay.com\/en\/wp-json\/wp\/v2\/comments?post=3317"}],"version-history":[{"count":19,"href":"https:\/\/www.atabay.com\/en\/wp-json\/wp\/v2\/pages\/3317\/revisions"}],"predecessor-version":[{"id":15996,"href":"https:\/\/www.atabay.com\/en\/wp-json\/wp\/v2\/pages\/3317\/revisions\/15996"}],"wp:featuredmedia":[{"embeddable":true,"href":"https:\/\/www.atabay.com\/en\/wp-json\/wp\/v2\/media\/15858"}],"wp:attachment":[{"href":"https:\/\/www.atabay.com\/en\/wp-json\/wp\/v2\/media?parent=3317"}],"curies":[{"name":"wp","href":"https:\/\/api.w.org\/{rel}","templated":true}]}}