{"id":3036,"date":"2019-01-20T12:03:25","date_gmt":"2019-01-20T09:03:25","guid":{"rendered":"https:\/\/atabay.com\/iletisim\/"},"modified":"2025-10-25T15:46:40","modified_gmt":"2025-10-25T12:46:40","slug":"contact","status":"publish","type":"page","link":"https:\/\/www.atabay.com\/en\/contact\/","title":{"rendered":"Contact"},"content":{"rendered":"<p>[et_pb_section fb_built=&#8221;1&#8243; _builder_version=&#8221;4.16&#8243; global_colors_info=&#8221;{}&#8221; theme_builder_area=&#8221;post_content&#8221;][et_pb_row column_structure=&#8221;1_2,1_2&#8243; _builder_version=&#8221;4.27.4&#8243; background_size=&#8221;initial&#8221; background_position=&#8221;top_left&#8221; background_repeat=&#8221;repeat&#8221; width=&#8221;100%&#8221; global_colors_info=&#8221;{}&#8221; theme_builder_area=&#8221;post_content&#8221;][et_pb_column type=&#8221;1_2&#8243; _builder_version=&#8221;4.16&#8243; custom_padding=&#8221;|||&#8221; global_colors_info=&#8221;{}&#8221; custom_padding__hover=&#8221;|||&#8221; theme_builder_area=&#8221;post_content&#8221;][et_pb_heading title=&#8221;ACIBADEM FACILITY AND HEADQUARTERS&#8221; _builder_version=&#8221;4.27.4&#8243; _module_preset=&#8221;default&#8221; title_font=&#8221;&#8211;et_global_heading_font||||||||&#8221; title_text_color=&#8221;#384281&#8243; title_font_size=&#8221;25px&#8221; hover_enabled=&#8221;0&#8243; global_colors_info=&#8221;{}&#8221; theme_builder_area=&#8221;post_content&#8221; sticky_enabled=&#8221;0&#8243;][\/et_pb_heading][et_pb_text _builder_version=&#8221;4.27.4&#8243; _module_preset=&#8221;default&#8221; global_colors_info=&#8221;{}&#8221; theme_builder_area=&#8221;post_content&#8221;]Ac\u0131badem, K\u00f6ft\u00fcnc\u00fc Sokak No.3\/1, Kad\u0131k\u00f6y, \u0130stanbul 34718 T\u00dcRK\u0130YE[\/et_pb_text][et_pb_button button_url=&#8221;https:\/\/www.google.com\/maps\/place\/Atabay+%C4%B0la%C3%A7+Fabrikas%C4%B1\/@41.002544,29.038855,17z\/data=!3m1!4b1!4m6!3m5!1s0x14cab90726f28039:0xb9a8d84475b4c4d2!8m2!3d41.002544!4d29.038855!16s%2Fg%2F11ldv_8fs4?hl=tr&#038;entry=ttu&#8221; url_new_window=&#8221;on&#8221; button_text=&#8221;Show on Map&#8221; _builder_version=&#8221;4.27.4&#8243; _module_preset=&#8221;default&#8221; custom_button=&#8221;on&#8221; button_icon=&#8221;&#xe01d;||divi||400&#8243; button_icon_placement=&#8221;left&#8221; button_on_hover=&#8221;off&#8221; hover_enabled=&#8221;0&#8243; global_colors_info=&#8221;{}&#8221; theme_builder_area=&#8221;post_content&#8221; sticky_enabled=&#8221;0&#8243;][\/et_pb_button][\/et_pb_column][et_pb_column type=&#8221;1_2&#8243; _builder_version=&#8221;4.16&#8243; custom_padding=&#8221;|||&#8221; global_colors_info=&#8221;{}&#8221; custom_padding__hover=&#8221;|||&#8221; theme_builder_area=&#8221;post_content&#8221;][et_pb_heading title=&#8221;GEBZE FACILITY&#8221; _builder_version=&#8221;4.27.4&#8243; _module_preset=&#8221;default&#8221; title_font=&#8221;&#8211;et_global_heading_font||||||||&#8221; title_text_color=&#8221;#384281&#8243; title_font_size=&#8221;25px&#8221; hover_enabled=&#8221;0&#8243; global_colors_info=&#8221;{}&#8221; theme_builder_area=&#8221;post_content&#8221; sticky_enabled=&#8221;0&#8243;][\/et_pb_heading][et_pb_text _builder_version=&#8221;4.27.4&#8243; _module_preset=&#8221;default&#8221; global_colors_info=&#8221;{}&#8221; theme_builder_area=&#8221;post_content&#8221;]Dilovas\u0131 Sanayii B\u00f6lgesi, 4.K\u0131s\u0131m Sakarya Caddesi, No:28 Gebze\/KOCAEL\u0130[\/et_pb_text][et_pb_button button_url=&#8221;https:\/\/www.google.com\/maps\/dir\/\/Atabay+%C4%B0la%C3%A7+Fabrikas%C4%B1+Gebze\/data=!4m6!4m5!1m1!4e2!1m2!1m1!1s0x14cadf2927882cab:0xc394b5e0eb510667?sa=X&#038;ved=1t:3061&#038;hl=tr&#038;ictx=111&#8243; url_new_window=&#8221;on&#8221; button_text=&#8221;Show on Map&#8221; _builder_version=&#8221;4.27.4&#8243; _module_preset=&#8221;default&#8221; custom_button=&#8221;on&#8221; button_icon=&#8221;&#xe01d;||divi||400&#8243; button_icon_placement=&#8221;left&#8221; button_on_hover=&#8221;off&#8221; hover_enabled=&#8221;0&#8243; global_colors_info=&#8221;{}&#8221; theme_builder_area=&#8221;post_content&#8221; sticky_enabled=&#8221;0&#8243;][\/et_pb_button][\/et_pb_column][\/et_pb_row][et_pb_row column_structure=&#8221;1_2,1_2&#8243; _builder_version=&#8221;4.27.4&#8243; _module_preset=&#8221;default&#8221; width=&#8221;100%&#8221; global_colors_info=&#8221;{}&#8221; theme_builder_area=&#8221;post_content&#8221;][et_pb_column type=&#8221;1_2&#8243; _builder_version=&#8221;4.27.4&#8243; _module_preset=&#8221;default&#8221; global_colors_info=&#8221;{}&#8221; theme_builder_area=&#8221;post_content&#8221;][et_pb_text _builder_version=&#8221;4.27.4&#8243; _module_preset=&#8221;default&#8221; hover_enabled=&#8221;0&#8243; global_colors_info=&#8221;{}&#8221; theme_builder_area=&#8221;post_content&#8221; sticky_enabled=&#8221;0&#8243;]<\/p>\n<p><strong>Phone:<\/strong><strong><br \/><\/strong><a href=\"tel:+902163266965\">+90 (216) 326 69 65<\/a> (4 Line)<\/p>\n<p><strong>Faks:<\/strong><strong><br \/><\/strong><a href=\"tel:+902163401377\">+90 (216) 340 13 77<\/a><br \/><a href=\"tel:+902163261809\">+90 (216) 326 18 09<\/a><br \/><a href=\"tel:+902163396141\">+90 (216) 339 61 41<\/a><\/p>\n<p><strong>E-mail:<\/strong><br \/><a href=\"mailto:info@atabay.com\">info@atabay.com<\/a><\/p>\n<p>[\/et_pb_text][\/et_pb_column][et_pb_column type=&#8221;1_2&#8243; _builder_version=&#8221;4.27.4&#8243; _module_preset=&#8221;default&#8221; global_colors_info=&#8221;{}&#8221; theme_builder_area=&#8221;post_content&#8221;][et_pb_text _builder_version=&#8221;4.27.4&#8243; _module_preset=&#8221;default&#8221; hover_enabled=&#8221;0&#8243; global_colors_info=&#8221;{}&#8221; theme_builder_area=&#8221;post_content&#8221; sticky_enabled=&#8221;0&#8243;]<\/p>\n<p><strong>Phone:<\/strong><br \/><a href=\"tel:+902627248541\">+90 (262) 724 85 41<\/a><\/p>\n<p><strong>GSM:<\/strong><br \/><a href=\"tel:+905336885802\">+90 533 688 58 02<\/a><\/p>\n<p><strong>Faks:<\/strong><br \/><a href=\"tel:+902627248543\">+90 (262) 724 85 43<\/a><\/p>\n<p><strong>E-mail:<\/strong><br \/><a href=\"mailto:plant@atabay.com\">plant@atabay.com<\/a><\/p>\n<p>&nbsp;<\/p>\n<p>[\/et_pb_text][\/et_pb_column][\/et_pb_row][et_pb_row column_structure=&#8221;1_2,1_2&#8243; _builder_version=&#8221;4.27.4&#8243; _module_preset=&#8221;default&#8221; global_colors_info=&#8221;{}&#8221; theme_builder_area=&#8221;post_content&#8221;][et_pb_column type=&#8221;1_2&#8243; _builder_version=&#8221;4.27.4&#8243; _module_preset=&#8221;default&#8221; global_colors_info=&#8221;{}&#8221; theme_builder_area=&#8221;post_content&#8221;][et_pb_text _builder_version=&#8221;4.27.4&#8243; _module_preset=&#8221;default&#8221; global_colors_info=&#8221;{}&#8221; theme_builder_area=&#8221;post_content&#8221;]\t\t\t\t\t<iframe src=\"https:\/\/www.google.com\/maps\/embed?pb=!1m14!1m8!1m3!1d6022.0602346146925!2d29.038272!3d41.002714!3m2!1i1024!2i768!4f13.1!3m3!1m2!1s0x14cab80e5a75d57d%3A0xea913600ad00bd77!2sAtabay%20Kimya%20Sanayi!5e0!3m2!1str!2sus!4v1681798629308!5m2!1str!2sus\" frameborder=\"0\" width=\"100%\" height=\"350px\" class=\"mt-3\" style=\"border: 2px dashed #a58067; \" allowfullscreen=\"\" loading=\"lazy\"><\/iframe>[\/et_pb_text][\/et_pb_column][et_pb_column type=&#8221;1_2&#8243; _builder_version=&#8221;4.27.4&#8243; _module_preset=&#8221;default&#8221; global_colors_info=&#8221;{}&#8221; theme_builder_area=&#8221;post_content&#8221;][et_pb_text _builder_version=&#8221;4.27.4&#8243; _module_preset=&#8221;default&#8221; global_colors_info=&#8221;{}&#8221; theme_builder_area=&#8221;post_content&#8221;]\t\t\t\t\t<iframe src=\"https:\/\/www.google.com\/maps\/embed?pb=!1m14!1m8!1m3!1d6039.947920839696!2d29.504103!3d40.806566!3m2!1i1024!2i768!4f13.1!3m3!1m2!1s0x14cb21515789818b%3A0xe4bc35ac4ceb47fc!2sAtabay%20Kimya%20Gebze!5e0!3m2!1str!2sus!4v1681798727650!5m2!1str!2sus\" frameborder=\"0\" width=\"100%\" height=\"350px\" class=\"mt-3\" style=\"border: 2px dashed #a58067; \" allowfullscreen=\"\" loading=\"lazy\"><\/iframe>[\/et_pb_text][\/et_pb_column][\/et_pb_row][\/et_pb_section]<\/p>\n","protected":false},"excerpt":{"rendered":"<p>Ac\u0131badem, K\u00f6ft\u00fcnc\u00fc Sokak No.3\/1, Kad\u0131k\u00f6y, \u0130stanbul 34718 T\u00dcRK\u0130YEDilovas\u0131 Sanayii B\u00f6lgesi, 4.K\u0131s\u0131m Sakarya Caddesi, No:28 Gebze\/KOCAEL\u0130Phone:+90 (216) 326 69 65 (4 Line) Faks:+90 (216) 340 13 77+90 (216) 326 18 09+90 (216) 339 61 41 E-mail:info@atabay.comPhone:+90 (262) 724 85 41 GSM:+90 533 688 58 02 Faks:+90 (262) 724 85 43 E-mail:plant@atabay.com &nbsp;<\/p>\n","protected":false},"author":4,"featured_media":15858,"parent":0,"menu_order":0,"comment_status":"closed","ping_status":"closed","template":"","meta":{"_acf_changed":false,"_et_pb_use_builder":"on","_et_pb_old_content":"","_et_gb_content_width":"","footnotes":""},"class_list":["post-3036","page","type-page","status-publish","has-post-thumbnail","hentry"],"acf":[],"_links":{"self":[{"href":"https:\/\/www.atabay.com\/en\/wp-json\/wp\/v2\/pages\/3036","targetHints":{"allow":["GET"]}}],"collection":[{"href":"https:\/\/www.atabay.com\/en\/wp-json\/wp\/v2\/pages"}],"about":[{"href":"https:\/\/www.atabay.com\/en\/wp-json\/wp\/v2\/types\/page"}],"author":[{"embeddable":true,"href":"https:\/\/www.atabay.com\/en\/wp-json\/wp\/v2\/users\/4"}],"replies":[{"embeddable":true,"href":"https:\/\/www.atabay.com\/en\/wp-json\/wp\/v2\/comments?post=3036"}],"version-history":[{"count":15,"href":"https:\/\/www.atabay.com\/en\/wp-json\/wp\/v2\/pages\/3036\/revisions"}],"predecessor-version":[{"id":18677,"href":"https:\/\/www.atabay.com\/en\/wp-json\/wp\/v2\/pages\/3036\/revisions\/18677"}],"wp:featuredmedia":[{"embeddable":true,"href":"https:\/\/www.atabay.com\/en\/wp-json\/wp\/v2\/media\/15858"}],"wp:attachment":[{"href":"https:\/\/www.atabay.com\/en\/wp-json\/wp\/v2\/media?parent=3036"}],"curies":[{"name":"wp","href":"https:\/\/api.w.org\/{rel}","templated":true}]}}